{"id":836,"date":"2024-08-08T00:07:34","date_gmt":"2024-08-08T00:07:34","guid":{"rendered":"https:\/\/ndgmusicschool.thedev.ca\/?page_id=836"},"modified":"2025-01-14T23:45:25","modified_gmt":"2025-01-15T04:45:25","slug":"ukulele-lessons","status":"publish","type":"page","link":"https:\/\/ndgmusicschool.com\/fr\/music-lessons\/ukulele-lessons\/","title":{"rendered":"Le\u00e7ons de ukul\u00e9l\u00e9"},"content":{"rendered":"<div class=\"wp-block-greenshift-blocks-row alignfull gspb_row gspb_row-id-gsbp-e7056e5\" id=\"gspb_row-id-gsbp-e7056e5\"><div class=\"gspb_row__content\"> \n<div class=\"wp-block-greenshift-blocks-row-column gspb_row__col--6 gspb_col-id-gsbp-64dbd54\" id=\"gspb_col-id-gsbp-64dbd54\">\n\n\n<h1 id=\"gspb_heading-id-gsbp-b75290f\" class=\"gspb_heading gspb_heading-id-gsbp-b75290f\"><strong>Lib\u00e9rez le joueur de ukul\u00e9l\u00e9 qui sommeille en vous \u00e0 l'\u00e9cole de musique NDG !<\/strong><\/h1>\n\n\n\n<div id=\"gspb_text-id-gsbp-e346e0b\" class=\"gspb_text gspb_text-id-gsbp-e346e0b\">Nos cours d'ukul\u00e9l\u00e9 sont ax\u00e9s sur vous ! Nous personnalisons chaque session en fonction de vos objectifs et de vos go\u00fbts musicaux, ce qui garantit une exp\u00e9rience d'apprentissage personnalis\u00e9e et pratique.<\/div>\n\n\n\n<h2 id=\"gspb_heading-id-gsbp-0d466c2\" class=\"gspb_heading gspb_heading-id-gsbp-0d466c2\">Notre m\u00e9thode d'enseignement<\/h2>\n\n\n\n<div id=\"gspb_text-id-gsbp-01ea1cf\" class=\"gspb_text gspb_text-id-gsbp-01ea1cf\"><strong>Programme d'\u00e9tudes personnalis\u00e9<\/strong><br>Nos professeurs \u00e9laborent un programme unique pour chaque \u00e9l\u00e8ve, adapt\u00e9 \u00e0 son niveau, \u00e0 ses go\u00fbts musicaux et \u00e0 ses besoins d'apprentissage.<br><br><strong>Apprentissage pratique<\/strong><br>Nous nous concentrons sur les comp\u00e9tences pratiques que les \u00e9l\u00e8ves peuvent utiliser imm\u00e9diatement, comme jouer des chansons qu'ils aiment et comprendre la th\u00e9orie musicale dans son contexte.<br><br><strong>Nourrir la cr\u00e9ativit\u00e9<\/strong><br>Notre approche inspire la cr\u00e9ativit\u00e9 par le biais d'exercices d'improvisation et d'\u00e9criture de chansons.<br><br><strong>D\u00e9veloppement complet des comp\u00e9tences<\/strong><br>Nous abordons tous les aspects de la pratique du ukul\u00e9l\u00e9 : technique, th\u00e9orie, formation de l'oreille et comp\u00e9tences en mati\u00e8re de performance.<br><br>L'accent mis sur ces \u00e9l\u00e9ments garantit une exp\u00e9rience d'apprentissage du ukul\u00e9l\u00e9 bien \u00e9quilibr\u00e9e et attrayante pour les \u00e9tudiants de tout niveau.<br><\/div>\n\n\n\n<div class=\"gspb_button_wrapper gspb_button-id-gsbp-28cbc96\" id=\"gspb_button-id-gsbp-28cbc96\"><a class=\"wp-block-greenshift-blocks-buttonbox gspb-buttonbox wp-element-button\" href=\"https:\/\/ndgmusicschool.com\/fr\/book-ukulele-lesson\/\" rel=\"noopener\"><span class=\"gspb-buttonbox-textwrap\"><span class=\"gspb-buttonbox-text\"><span class=\"gspb-buttonbox-title\">R\u00e9server<\/span><\/span><\/span><\/a><\/div>\n<\/div>\n\n\n\n<div class=\"wp-block-greenshift-blocks-row-column gspb_row__col--6 gspb_col-id-gsbp-463627a\" id=\"gspb_col-id-gsbp-463627a\">\n<div class=\"wp-block-greenshift-blocks-image gspb_image gspb_image-id-gsbp-3541161\" id=\"gspb_image-id-gsbp-3541161\"><img decoding=\"async\" src=\"https:\/\/ndgmusicschool.thedev.ca\/wp-content\/uploads\/2024\/08\/Ukulele-Lessons-at-NDG-Music-in-Montreal.jpg\" data-src=\"\" alt=\"Ukulele Lessons at NDG Music in Montreal\" loading=\"lazy\" width=\"1504\" height=\"1284\" data-aos=\"fade-up\" data-aos-easing=\"ease\" data-aos-duration=\"800\"\/><\/div>\n\n\n\n<div class=\"wp-block-greenshift-blocks-container gspb_container gspb_container-gsbp-e0520bb\" id=\"gspb_container-id-gsbp-e0520bb\">\n<h2 id=\"gspb_heading-id-gsbp-1e555d4\" class=\"gspb_heading gspb_heading-id-gsbp-1e555d4\"><strong>Le\u00e7ons d'ukul\u00e9l\u00e9 flexibles<\/strong><\/h2>\n\n\n\n<div id=\"gspb_text-id-gsbp-8d3a497\" class=\"gspb_text gspb_text-id-gsbp-8d3a497\">Vous cherchez des cours d'ukul\u00e9l\u00e9 \u00e0 Montr\u00e9al ? Nous avons ce qu'il vous faut, que vous pr\u00e9f\u00e9riez apprendre dans nos locaux ou dans le confort de votre propre maison.<\/div>\n\n\n\n<div id=\"gspb_text-id-gsbp-80f4f1e\" class=\"gspb_text gspb_text-id-gsbp-80f4f1e\">Le\u00e7ons priv\u00e9es d'une heure dans nos locaux :\u00a0<strong>$59 par heure<\/strong><br>Le\u00e7ons priv\u00e9es de 1 heure \u00e0 votre domicile :\u00a0<strong>$71 par heure<\/strong>*<br><br><strong>Inscrivez-vous pour un semestre complet et obtenez 10% de r\u00e9duction !<\/strong><br><br>*Nous proposons \u00e9galement d'autres dur\u00e9es de cours \u00e0 domicile ou dans nos locaux. R\u00e9servez maintenant ou contactez-nous pour plus de d\u00e9tails sur les tarifs. Les le\u00e7ons \u00e0 domicile d\u00e9pendent de la disponibilit\u00e9 de l'instructeur et de ses d\u00e9placements.<br><br>Pr\u00eat pour le rock ? R\u00e9servez d\u00e8s maintenant ou contactez-nous pour plus d'informations !<\/div>\n<\/div>\n<\/div>\n <\/div><\/div>\n\n\n\n<div class=\"wp-block-greenshift-blocks-container gspb_container gspb_container-gsbp-2eff54e\" id=\"gspb_container-id-gsbp-2eff54e\">\n<div id=\"gspb_text-id-gsbp-19177e1\" class=\"gspb_text gspb_text-id-gsbp-19177e1\">Vous recherchez une exp\u00e9rience plus rock ? <span style=\"text-decoration: underline;\"><a href=\"https:\/\/ndgmusicschool.com\/fr\/music-lessons\/rock-band\/\" data-type=\"page\" data-id=\"765\">D\u00e9couvrez nos cours de rock !<\/a><\/span><\/div>\n<\/div>","protected":false},"excerpt":{"rendered":"<p>Meilleure \u00e9cole de musique de Montr\u00e9al pour les cours de ukul\u00e9l\u00e9 - \u00c9cole de musique NDG. Prenez des cours de musique priv\u00e9s \u00e0 l'\u00c9cole de musique NDG, \u00e0 la maison ou en ligne.<\/p>","protected":false},"author":3,"featured_media":1505,"parent":559,"menu_order":0,"comment_status":"closed","ping_status":"closed","template":"","meta":{"_acf_changed":false,"_gspb_post_css":"#gspb_row-id-gsbp-e7056e5{justify-content:space-between;margin-top:0;display:flex;flex-wrap:wrap;margin-bottom:90px;padding:80px}#gspb_row-id-gsbp-e7056e5>.gspb_row__content{display:flex;justify-content:space-between;margin:0 auto;width:100%;flex-wrap:wrap}.gspb_row{position:relative}div[id^=gspb_col-id]{box-sizing:border-box;position:relative;padding:15px min(3vw,20px)}body.gspb-bodyfront #gspb_row-id-gsbp-e7056e5>.gspb_row__content{width:var(--theme-container-width, 1200px);max-width:var(--theme-normal-container-max-width, 1200px)}@media (max-width:575.98px){#gspb_row-id-gsbp-e7056e5{margin-bottom:60px;padding:0 35px}}#gspb_row-id-gsbp-e7056e5{background-color:var(--wp--preset--color--palette-color-7, var(--theme-palette-color-7, #F7FAFD))}#gspb_row-id-gsbp-e7056e5,#gspb_row-id-gsbp-e7056e5>.gspb_backgroundOverlay{border-top-left-radius:0;border-top-right-radius:0;border-bottom-right-radius:40px;border-bottom-left-radius:40px}#gspb_col-id-gsbp-64dbd54.gspb_row__col--6{width:50%}@media (max-width:575.98px){#gspb_col-id-gsbp-64dbd54.gspb_row__col--6{width:100%}}@media (min-width:576px) and (max-width:991.98px){body.gspb-bodyfront #gspb_col-id-gsbp-64dbd54.gspb_row__col--6{width:calc(100% - 0px - 0px)}}@media (max-width:575.98px){.gspb_row #gspb_col-id-gsbp-64dbd54.gspb_row__col--6{padding-top:60px}#gspb_heading-id-gsbp-b75290f{font-size:30px}}#gspb_heading-id-gsbp-b75290f{margin-top:10px}.gspb_text-id-gsbp-e346e0b{margin-bottom:20px!important}#gspb_heading-id-gsbp-0d466c2{font-size:30px;margin-top:0}.gspb_text-id-gsbp-01ea1cf{margin-top:0!important}#gspb_button-id-gsbp-28cbc96{display:flex;justify-content:flex-start}#gspb_button-id-gsbp-28cbc96 .gspb-buttonbox-text{display:flex;flex-direction:column}#gspb_button-id-gsbp-28cbc96>.gspb-buttonbox{box-sizing:border-box;margin-top:20px;margin-bottom:0;width:60%}#gspb_col-id-gsbp-463627a.gspb_row__col--6{width:50%}@media (max-width:575.98px){#gspb_col-id-gsbp-463627a.gspb_row__col--6{width:100%}}@media (min-width:576px) and (max-width:991.98px){body.gspb-bodyfront #gspb_col-id-gsbp-463627a.gspb_row__col--6{width:calc(100% - 0px - 0px)}}#gspb_image-id-gsbp-3541161 img{object-position:50% 62%;vertical-align:top;display:inline-block;box-sizing:border-box;max-width:100%;height:auto;border-top-left-radius:40px;border-top-right-radius:40px;border-bottom-right-radius:0;border-bottom-left-radius:0;transition-duration:.8s;transition-timing-function:var(--gs-root-animation-easing, cubic-bezier(0.42, 0, 0.58, 1));opacity:var(--gs-root-animation-opacity, 0);transition-property:opacity,transform,filter;transform:var(--gs-root-animation-transform, translate3d(0, calc(max(50px, 15%)), 0))}#gspb_image-id-gsbp-3541161{margin-bottom:0;padding-bottom:0}#gspb_image-id-gsbp-3541161 img.aos-animate,#gspb_image-id-gsbp-3541161 img[data-gs-aos]{opacity:1;transform:translateZ(0)}.gspb_container-id-gsbp-e0520bb{flex-direction:column;box-sizing:border-box}#gspb_container-id-gsbp-2eff54e.gspb_container>p:last-of-type,#gspb_container-id-gsbp-e0520bb.gspb_container>p:last-of-type{margin-bottom:0}#gspb_container-id-gsbp-e0520bb.gspb_container{position:relative;margin-top:0;margin-bottom:0;padding:15px 15px 5px}@media (max-width:991.98px){#gspb_container-id-gsbp-e0520bb.gspb_container{margin-top:10px}}#gspb_container-id-gsbp-e0520bb.gspb_container,#gspb_container-id-gsbp-e0520bb.gspb_container>.gspb_backgroundOverlay{border-bottom-right-radius:40px;border-bottom-left-radius:40px}#gspb_container-id-gsbp-e0520bb.gspb_container{background-color:var(--wp--preset--color--palette-color-1, var(--theme-palette-color-1, #3a5da5))}@media (max-width:575.98px){#gspb_heading-id-gsbp-1e555d4{font-size:25px}}#gspb_heading-id-gsbp-1e555d4,#gspb_heading-id-gsbp-1e555d4 .gsap-g-line{text-align:center!important}#gspb_heading-id-gsbp-1e555d4,.gspb_text-id-gsbp-8d3a497{color:var(--wp--preset--color--palette-color-8, var(--theme-palette-color-8, #ffffff));margin-top:0}@media (max-width:575.98px){#gspb_heading-id-gsbp-1e555d4{margin-top:0}}.gspb_text-id-gsbp-8d3a497{margin-top:0!important;margin-bottom:12px!important;padding-right:20px!important;padding-left:20px!important}.gspb_text-id-gsbp-80f4f1e,.gspb_text-id-gsbp-80f4f1e .gsap-g-line{text-align:center!important}.gspb_text-id-gsbp-80f4f1e{color:var(--wp--preset--color--palette-color-8, var(--theme-palette-color-8, #ffffff));margin-right:auto;margin-bottom:var(--wp--preset--spacing--70);margin-left:auto;padding:10px 30px 0!important}@media (max-width:991.98px){.gspb_text-id-gsbp-80f4f1e{margin-top:var(--wp--preset--spacing--30);margin-bottom:var(--wp--preset--spacing--60)}}@media (max-width:575.98px){.gspb_text-id-gsbp-80f4f1e{margin-top:var(--wp--preset--spacing--20)}}.gspb_text-id-gsbp-80f4f1e{background-color:var(--wp--preset--color--palette-color-1, var(--theme-palette-color-1, #3a5da5))}.gspb_container-id-gsbp-2eff54e{flex-direction:column;box-sizing:border-box}#gspb_container-id-gsbp-2eff54e.gspb_container{position:relative;margin-bottom:0}.gspb_text-id-gsbp-19177e1,.gspb_text-id-gsbp-19177e1 .gsap-g-line{text-align:center!important}","footnotes":""},"class_list":["post-836","page","type-page","status-publish","has-post-thumbnail","hentry"],"blocksy_meta":[],"acf":[],"_links":{"self":[{"href":"https:\/\/ndgmusicschool.com\/fr\/wp-json\/wp\/v2\/pages\/836","targetHints":{"allow":["GET"]}}],"collection":[{"href":"https:\/\/ndgmusicschool.com\/fr\/wp-json\/wp\/v2\/pages"}],"about":[{"href":"https:\/\/ndgmusicschool.com\/fr\/wp-json\/wp\/v2\/types\/page"}],"author":[{"embeddable":true,"href":"https:\/\/ndgmusicschool.com\/fr\/wp-json\/wp\/v2\/users\/3"}],"replies":[{"embeddable":true,"href":"https:\/\/ndgmusicschool.com\/fr\/wp-json\/wp\/v2\/comments?post=836"}],"version-history":[{"count":35,"href":"https:\/\/ndgmusicschool.com\/fr\/wp-json\/wp\/v2\/pages\/836\/revisions"}],"predecessor-version":[{"id":3569,"href":"https:\/\/ndgmusicschool.com\/fr\/wp-json\/wp\/v2\/pages\/836\/revisions\/3569"}],"up":[{"embeddable":true,"href":"https:\/\/ndgmusicschool.com\/fr\/wp-json\/wp\/v2\/pages\/559"}],"wp:featuredmedia":[{"embeddable":true,"href":"https:\/\/ndgmusicschool.com\/fr\/wp-json\/wp\/v2\/media\/1505"}],"wp:attachment":[{"href":"https:\/\/ndgmusicschool.com\/fr\/wp-json\/wp\/v2\/media?parent=836"}],"curies":[{"name":"wp","href":"https:\/\/api.w.org\/{rel}","templated":true}]}}